{"id":166,"date":"2016-09-15T10:04:22","date_gmt":"2016-09-15T08:04:22","guid":{"rendered":"http:\/\/www.physiokotys.at\/?page_id=166"},"modified":"2017-06-21T11:13:17","modified_gmt":"2017-06-21T09:13:17","slug":"flossing","status":"publish","type":"page","link":"https:\/\/www.physiokotys.at\/?page_id=166","title":{"rendered":"Vitality Flossing"},"content":{"rendered":"<p><img loading=\"lazy\" decoding=\"async\" class=\"alignnone size-full wp-image-314\" src=\"http:\/\/www.physiokotys.at\/wp-content\/uploads\/2016\/09\/Slider-Flossing_400.jpg\" alt=\"slider-flossing_400\" width=\"1200\" height=\"400\" srcset=\"https:\/\/www.physiokotys.at\/wp-content\/uploads\/2016\/09\/Slider-Flossing_400.jpg 1200w, https:\/\/www.physiokotys.at\/wp-content\/uploads\/2016\/09\/Slider-Flossing_400-300x100.jpg 300w, https:\/\/www.physiokotys.at\/wp-content\/uploads\/2016\/09\/Slider-Flossing_400-768x256.jpg 768w, https:\/\/www.physiokotys.at\/wp-content\/uploads\/2016\/09\/Slider-Flossing_400-1024x341.jpg 1024w\" sizes=\"auto, (max-width: 1200px) 100vw, 1200px\" \/><\/p>\n<p><!--more--><\/p>\n<p>Flossing ist eine Behandlungstechnik, die bei bestimmten Beschwerdebildern die\u00a0physiotherapeutische Behandlung unterst\u00fctzt.\u00a0Beim Vitality Flossing werden Gelenke oder Muskeln mit dem Flossingband &#8211; einem speziellen, elastischen Band &#8211; relativ stramm umwickelt, und dann\u00a0bewegt. \u00a0Je nach Indikation variiert der genaue Ort der Anlage und der Druck. Mit angelegtem Band wird das Gelenk dann aktiv oder passiv bewegt. Direkt nach dem Abnehmen des Bandes, ist meistens schon eine Ver\u00e4nderung sp\u00fcrbar.<\/p>\n<h2><\/h2>\n<p>Das Ziel dieser Technik ist eine Linderung der Schmerzen und eine Verbesserung der Beweglichkeit im betroffenen Gelenk.\u00a0Die Methode eignet sich sowohl f\u00fcr akute Verletzungen des Bewegungsapparates, als auch f\u00fcr schon l\u00e4nger bestehende Beschwerden. Die Zielgruppe reicht von jungen Athleten mit Sportverletzungen bis Patienten mit Knietotalendoprothese. Es k\u00f6nnen in allen Altersgruppen gute Erfolge erzielt werden.<\/p>\n<h1><img loading=\"lazy\" decoding=\"async\" class=\"size-medium wp-image-316 aligncenter\" src=\"http:\/\/www.physiokotys.at\/wp-content\/uploads\/2016\/09\/Folder-flossing-225x300.jpg\" alt=\"folder-flossing\" width=\"225\" height=\"300\" srcset=\"https:\/\/www.physiokotys.at\/wp-content\/uploads\/2016\/09\/Folder-flossing-225x300.jpg 225w, https:\/\/www.physiokotys.at\/wp-content\/uploads\/2016\/09\/Folder-flossing.jpg 600w\" sizes=\"auto, (max-width: 225px) 100vw, 225px\" \/><\/h1>\n<h2><\/h2>\n<h3>Wirkungsweise<\/h3>\n<p>Vitality Flossing wirkt \u00fcber verschiedene Mechanismen.<\/p>\n<ul>\n<li>Allgemein\u00a0normalisiert sich die Spannung der Muskulatur\u00a0und wird wieder in einen physiologischen Zustand gebracht.<\/li>\n<li>Durch die Kompression des Bandes kommt zus\u00e4tzlich zum inneren Druck, der durch die Bewegung entsteht,\u00a0ein Druck von au\u00dfen auf das Gelenk. Beim Bewegen werden die Bindegewebsschichten gegeneinander verschoben und so Verklebungen\u00a0oder Narben gel\u00f6st. \u00a0(Kinetic Resolve)<\/li>\n<li>Schmerzen werden durch Schmerz\u00fcberlagerung \u00fcber verschiedene Rezeptoren gelindert (Subkutane Irritation)<\/li>\n<li>Der Lymphfluss wird angeregt, so k\u00f6nnen Abfallstoffe abtransportiert werden und das Gelenk wird mit frischer, n\u00e4hrstoffreicher Fl\u00fcssigkeit versorgt. (Schwammeffekt)<\/li>\n<\/ul>\n<h2><\/h2>\n<hr \/>\n<p style=\"text-align: center;\">Raffaela Kotys, BSc Physiotherapeutin Telefon: 0677 62469565<\/p>\n","protected":false},"excerpt":{"rendered":"","protected":false},"author":1,"featured_media":0,"parent":0,"menu_order":0,"comment_status":"closed","ping_status":"closed","template":"","meta":{"footnotes":""},"class_list":["post-166","page","type-page","status-publish","hentry"],"_links":{"self":[{"href":"https:\/\/www.physiokotys.at\/index.php?rest_route=\/wp\/v2\/pages\/166","targetHints":{"allow":["GET"]}}],"collection":[{"href":"https:\/\/www.physiokotys.at\/index.php?rest_route=\/wp\/v2\/pages"}],"about":[{"href":"https:\/\/www.physiokotys.at\/index.php?rest_route=\/wp\/v2\/types\/page"}],"author":[{"embeddable":true,"href":"https:\/\/www.physiokotys.at\/index.php?rest_route=\/wp\/v2\/users\/1"}],"replies":[{"embeddable":true,"href":"https:\/\/www.physiokotys.at\/index.php?rest_route=%2Fwp%2Fv2%2Fcomments&post=166"}],"version-history":[{"count":18,"href":"https:\/\/www.physiokotys.at\/index.php?rest_route=\/wp\/v2\/pages\/166\/revisions"}],"predecessor-version":[{"id":372,"href":"https:\/\/www.physiokotys.at\/index.php?rest_route=\/wp\/v2\/pages\/166\/revisions\/372"}],"wp:attachment":[{"href":"https:\/\/www.physiokotys.at\/index.php?rest_route=%2Fwp%2Fv2%2Fmedia&parent=166"}],"curies":[{"name":"wp","href":"https:\/\/api.w.org\/{rel}","templated":true}]}}