{"id":74,"date":"2016-09-01T07:57:33","date_gmt":"2016-09-01T05:57:33","guid":{"rendered":"http:\/\/www.physiokotys.at\/?page_id=74"},"modified":"2026-01-08T16:14:15","modified_gmt":"2026-01-08T15:14:15","slug":"vortext","status":"publish","type":"page","link":"https:\/\/www.physiokotys.at\/","title":{"rendered":"&#8222;Das Leben ist wie Fahrrad fahren, um die Balance zu halten muss man in Bewegung bleiben.&#8220;  (Albert Einstein)"},"content":{"rendered":"<h2 align=\"center\"><\/h2>\n<p align=\"center\">Ich freue mich Sie auf meiner Homepage begr\u00fc\u00dfen zu d\u00fcrfen. Mein Name ist Raffaela Kotys und ich bin Physiotherapeutin aus Leidenschaft. Mein Ziel ist es die Lebensqualit\u00e4t jedes einzelnen Patienten f\u00fcr Alltag und Sport wiederherzustellen oder zu verbessern!<\/p>\n<h2 align=\"center\"><\/h2>\n<p style=\"text-align: center;\">Jeder Mensch ist individuell und genauso sollte sich die Therapie gestalten. Als Physiotherapeutin bin ich um eine rasche Verbesserung Ihres Beschwerdebildes bem\u00fcht und eine kompetente Begleitung sportlicher Herausforderungen. Meine Arbeit zeichnet sich durch eine individuelle Therapie und eine ganzheitliche Betreuung aus.<\/p>\n<h2 style=\"text-align: center;\"><\/h2>\n<p style=\"text-align: center;\">Ich freue mich, Sie kennenzulernen!<\/p>\n<h2 style=\"text-align: center;\"><\/h2>\n<hr \/>\n<p style=\"text-align: center;\"><strong>Raffaela Kotys, BEd., MSc. Physiotherapeutin Telefon: 0677 62469565<\/strong><\/p>\n","protected":false},"excerpt":{"rendered":"<p>Ich freue mich Sie auf meiner Homepage begr\u00fc\u00dfen zu d\u00fcrfen. Mein Name ist Raffaela Kotys und ich bin Physiotherapeutin aus Leidenschaft. Mein Ziel ist es die Lebensqualit\u00e4t jedes einzelnen Patienten f\u00fcr Alltag und Sport wiederherzustellen oder zu verbessern! Jeder Mensch <a class=\"more-link\" href=\"https:\/\/www.physiokotys.at\/\">weiterlesen&#8230;<\/a><\/p>\n","protected":false},"author":1,"featured_media":0,"parent":0,"menu_order":0,"comment_status":"closed","ping_status":"closed","template":"","meta":{"footnotes":""},"class_list":["post-74","page","type-page","status-publish","hentry"],"_links":{"self":[{"href":"https:\/\/www.physiokotys.at\/index.php?rest_route=\/wp\/v2\/pages\/74","targetHints":{"allow":["GET"]}}],"collection":[{"href":"https:\/\/www.physiokotys.at\/index.php?rest_route=\/wp\/v2\/pages"}],"about":[{"href":"https:\/\/www.physiokotys.at\/index.php?rest_route=\/wp\/v2\/types\/page"}],"author":[{"embeddable":true,"href":"https:\/\/www.physiokotys.at\/index.php?rest_route=\/wp\/v2\/users\/1"}],"replies":[{"embeddable":true,"href":"https:\/\/www.physiokotys.at\/index.php?rest_route=%2Fwp%2Fv2%2Fcomments&post=74"}],"version-history":[{"count":24,"href":"https:\/\/www.physiokotys.at\/index.php?rest_route=\/wp\/v2\/pages\/74\/revisions"}],"predecessor-version":[{"id":460,"href":"https:\/\/www.physiokotys.at\/index.php?rest_route=\/wp\/v2\/pages\/74\/revisions\/460"}],"wp:attachment":[{"href":"https:\/\/www.physiokotys.at\/index.php?rest_route=%2Fwp%2Fv2%2Fmedia&parent=74"}],"curies":[{"name":"wp","href":"https:\/\/api.w.org\/{rel}","templated":true}]}}