{"id":9,"date":"2016-08-26T15:54:44","date_gmt":"2016-08-26T13:54:44","guid":{"rendered":"http:\/\/www.physiokotys.at\/?page_id=9"},"modified":"2021-08-30T20:05:21","modified_gmt":"2021-08-30T18:05:21","slug":"slider1-2","status":"publish","type":"page","link":"https:\/\/www.physiokotys.at\/?page_id=9","title":{"rendered":"\u00dcber mich"},"content":{"rendered":"<p><img loading=\"lazy\" decoding=\"async\" class=\"alignnone size-full wp-image-53\" src=\"http:\/\/www.physiokotys.at\/wp-content\/uploads\/2016\/08\/slider6.jpg\" alt=\"slider6\" width=\"1200\" height=\"400\" srcset=\"https:\/\/www.physiokotys.at\/wp-content\/uploads\/2016\/08\/slider6.jpg 1200w, https:\/\/www.physiokotys.at\/wp-content\/uploads\/2016\/08\/slider6-300x100.jpg 300w, https:\/\/www.physiokotys.at\/wp-content\/uploads\/2016\/08\/slider6-768x256.jpg 768w, https:\/\/www.physiokotys.at\/wp-content\/uploads\/2016\/08\/slider6-1024x341.jpg 1024w\" sizes=\"auto, (max-width: 1200px) 100vw, 1200px\" \/><\/p>\n<p><!--more--><\/p>\n<h1><\/h1>\n<div>\n<div style=\"text-align: left;\" align=\"center\">\n<hr align=\"center\" size=\"2\" width=\"100%\" \/>\n<h4><strong>Raffaela Kotys, MSc Physiotherapeutin mit Schwerpunkt Schmerzbehandlung<\/strong><\/h4>\n<\/div>\n<div>\n<p>&nbsp;<\/p>\n<div>\n<div><img loading=\"lazy\" decoding=\"async\" class=\"size-full wp-image-358 alignleft\" src=\"http:\/\/www.physiokotys.at\/wp-content\/uploads\/2016\/08\/profiportrait_warm.jpg\" alt=\"profiportrait_warm\" width=\"320\" height=\"480\" srcset=\"https:\/\/www.physiokotys.at\/wp-content\/uploads\/2016\/08\/profiportrait_warm.jpg 320w, https:\/\/www.physiokotys.at\/wp-content\/uploads\/2016\/08\/profiportrait_warm-200x300.jpg 200w\" sizes=\"auto, (max-width: 320px) 100vw, 320px\" \/>Durch meine Erfahrungen als Leistungssportlerin (Lateinturniertanz), bin ich fr\u00fch mit der Physiotherapie in Kontakt gekommen. Ich war sofort fasziniert von der M\u00f6glichkeit akute Verletzungen und \u00dcberlastungssch\u00e4den, ganz ohne Medikamente, zu behandeln.<\/div>\n<div>Spa\u00df an der Arbeit, fachliches Wissen, stetige Fortbildungen und individuelle Interaktion mit jeder Patientin und jedem Patienten sind f\u00fcr mich grundlegende Elemente, um erfolgreiche und optimale Physiotherapie gew\u00e4hrleisten zu k\u00f6nnen.<\/div>\n<p>&nbsp;<\/p>\n<div>In der Therapie wird anhand der Symptome die Ursache gesucht und behandelt. Dadurch ist die Chance, dass Schmerzen wieder entstehen, geringer.<\/div>\n<\/div>\n<p>&nbsp;<\/p>\n<div>\n<div>Neben der Physiotherapie sind Tanzen und Klettern meine gro\u00dfe Leidenschaft. Natur und Bewegung geben mir viel Kraft und sind f\u00fcr mich ein wichtiger Bestandteil eines gesunden, aktiven Lebens.<\/div>\n<div><\/div>\n<div>Meine Begeisterung geh\u00f6rt dem Lateinturniertanz, aber auch Klettern, Laufen, Schwimmen,Tennis spielen,\u2026<\/div>\n<p>&nbsp;<\/p>\n<div>Sport soll verletzungspr\u00e4ventiv und gesundheitserhaltend sein. Die Gesundheit ist unser wertvollstes Gut. Nur ein gesunder K\u00f6rper ist leistungsf\u00e4hig f\u00fcr Alltag, Beruf und Sport.<\/div>\n<div>Fast 90% der Beschwerdebilder lassen sich mit Bewegung gut in den Griff bekommen. Aktives \u00dcben unterst\u00fctzt die Therapie und hilft, Schmerzen langfristig im Griff zu haben.<\/div>\n<div><\/div>\n<\/div>\n<p>.<\/p>\n<\/div>\n<div>\n<hr \/>\n<\/div>\n<h2><\/h2>\n<p>&nbsp;<\/p>\n<h5><strong><a name=\"Schwerpunkte\"><\/a> <\/strong><\/h5>\n<h5><strong>Meine Schwerpunkte<\/strong><\/h5>\n<ul>\n<li>Schmerztherapie<\/li>\n<li>Orthop\u00e4die<\/li>\n<li>Traumatologie<\/li>\n<li>Chirurgie<\/li>\n<li>Psychiatrie<\/li>\n<li>Betreuung von T\u00e4nzern und Tanzsportturnieren<\/li>\n<\/ul>\n<h5><\/h5>\n<p>&nbsp;<\/p>\n<h5><strong>Werdegang<\/strong><\/h5>\n<div>\n<div>\n<div>\n<ul>\n<li>Masterstudiengang Advanced Physiotherapy &amp; Management<br \/>\nmit Schwerpunkt Sportphysiotherapie und Manualtherapie nach Maitland<\/li>\n<li>Freiberufliche Arbeit in der Schmerzordination<\/li>\n<li>Freiberufliche Arbeit im \u00c4rztezentrum W\u00e4hring<\/li>\n<li>Physiotherapeutin im AKH \u00a0(Orthop\u00e4die, Traumatologie, Psychiatrie, Intensivmedizin)<\/li>\n<li>Physiotherapieausbildung FH Campus Wien<\/li>\n<\/ul>\n<\/div>\n<\/div>\n<\/div>\n<h2><\/h2>\n<p>&nbsp;<\/p>\n<h2><\/h2>\n<h5><strong>Fortbildungen<\/strong><\/h5>\n<ul>\n<li>Schmerztherapie nach <a href=\"http:\/\/www.physiokotys.at\/?page_id=160\">Liebscher und Bracht<\/a><\/li>\n<li>Faszientraining, Myofascial Release (<a href=\"http:\/\/www.myofascial.de\/\" target=\"_blank\" rel=\"noopener noreferrer\">http:\/\/www.myofascial.de\/<\/a>)<\/li>\n<li>Sanfte Wirbels\u00e4ulenkorrektur nach Dorn-Breuss (<a href=\"https:\/\/www.dorn-breuss-gesellschaft.at\/\" target=\"_blank\" rel=\"noopener noreferrer\">https:\/\/www.dorn-breuss-gesellschaft.at\/<\/a>)<\/li>\n<li>Skoliosebehandlung<\/li>\n<li><a href=\"http:\/\/www.physiokotys.at\/?page_id=166\">Vitality Flossing<\/a><\/li>\n<li>Physiotherapie in der Psychiatrie<\/li>\n<li>Symposium der Tanzmedizin 2015 und 2017 (<a href=\"https:\/\/www.tamed.eu\/\" target=\"_blank\" rel=\"noopener noreferrer\">https:\/\/www.tamed.eu\/<\/a>) <a href=\"https:\/\/www.tamed.eu\/\" target=\"_blank\" rel=\"noopener noreferrer\"><br \/>\n<\/a><\/p>\n<div><\/div>\n<\/li>\n<\/ul>\n<p>&nbsp;<\/p>\n<h2><\/h2>\n<h5><strong>Berufliche Erfahrung<\/strong><\/h5>\n<ul>\n<li>Praktikum in einem Rehabilitationszentrum in Norwegen, Schwerpunkt Aufbautraining nach Amputationen, Prothesenversorgung und Gangschulung sowie Schmerzzust\u00e4nde am Bewegungsapparat<\/li>\n<li>Praktikum in der Nachwuchsakademie beim SK Rapid Wien, physiotherapeutische Betreuung der Spieler<\/li>\n<li>Mitarbeit beim Symposium der TaMed, Tanzmedizin<\/li>\n<\/ul>\n<p>&nbsp;<\/p>\n<h5><strong>Sprachen<\/strong><\/h5>\n<ul>\n<li>Deutsch<\/li>\n<li>Englisch<\/li>\n<li>Italienisch<\/li>\n<li>Norwegisch<\/li>\n<li>Geb\u00e4rdensprache<\/li>\n<\/ul>\n<h2><\/h2>\n<hr \/>\n<p style=\"text-align: center;\"><strong>Raffaela Kotys, MSc Physiotherapeutin Telefon: 0677 62469565<\/strong><\/p>\n<\/div>\n","protected":false},"excerpt":{"rendered":"","protected":false},"author":1,"featured_media":0,"parent":0,"menu_order":0,"comment_status":"closed","ping_status":"closed","template":"","meta":{"footnotes":""},"class_list":["post-9","page","type-page","status-publish","hentry"],"_links":{"self":[{"href":"https:\/\/www.physiokotys.at\/index.php?rest_route=\/wp\/v2\/pages\/9","targetHints":{"allow":["GET"]}}],"collection":[{"href":"https:\/\/www.physiokotys.at\/index.php?rest_route=\/wp\/v2\/pages"}],"about":[{"href":"https:\/\/www.physiokotys.at\/index.php?rest_route=\/wp\/v2\/types\/page"}],"author":[{"embeddable":true,"href":"https:\/\/www.physiokotys.at\/index.php?rest_route=\/wp\/v2\/users\/1"}],"replies":[{"embeddable":true,"href":"https:\/\/www.physiokotys.at\/index.php?rest_route=%2Fwp%2Fv2%2Fcomments&post=9"}],"version-history":[{"count":63,"href":"https:\/\/www.physiokotys.at\/index.php?rest_route=\/wp\/v2\/pages\/9\/revisions"}],"predecessor-version":[{"id":443,"href":"https:\/\/www.physiokotys.at\/index.php?rest_route=\/wp\/v2\/pages\/9\/revisions\/443"}],"wp:attachment":[{"href":"https:\/\/www.physiokotys.at\/index.php?rest_route=%2Fwp%2Fv2%2Fmedia&parent=9"}],"curies":[{"name":"wp","href":"https:\/\/api.w.org\/{rel}","templated":true}]}}